{"id":12,"date":"2019-06-08T21:36:31","date_gmt":"2019-06-08T21:36:31","guid":{"rendered":"https:\/\/www.southexpress.pe\/en\/?page_id=12"},"modified":"2025-07-17T12:43:05","modified_gmt":"2025-07-17T17:43:05","slug":"home","status":"publish","type":"page","link":"https:\/\/www.southexpress.pe\/en\/","title":{"rendered":"Freight transport agency"},"content":{"rendered":"<p>SOUTH EXPRESS CARGO PER\u00da S.A.C., es una agencia de carga que opera en el Lima, Per\u00fa desde el 2011. Esta\u00a0empresa peruana\u00a0brinda servicios a toda la cadena de abastecimiento en las actividades relacionadas al comercio exterior.<\/p>\n<p>Esta empresa de transporte de carga multimodal es regulada por su casa Matriz SOUTH EXPRESS CARGO S.A. Dicha agencia de carga cuenta con m\u00e1s de 25 a\u00f1os de experiencia en el mercado log\u00edstico. Debido a eso, ha logrado una cobertura a nivel mundial en los servicios de transporte y log\u00edstica de carga nacional e Internacional.<\/p>\n<p>Somos operadores log\u00edsticos miembros de Overseas Project Cargo Association (OPCA), un grupo Internacional de Embarcadores de carga proyecto con m\u00e1s de 129 representaciones a lo largo del mundo. Tambi\u00e9n, pertenecemos al colectivo AOG FREIGHT 247, un grupo Internacional de Agencias de Carga. Dicha asociaci\u00f3n tiene representaci\u00f3n a lo largo del mundo, con presencia en diversos puertos y aeropuertos internacionales.<\/p>\n","protected":false},"excerpt":{"rendered":"<p>SOUTH EXPRESS CARGO PER\u00da S.A.C., es una agencia de carga que opera en el Lima, Per\u00fa desde el 2011. Esta\u00a0empresa peruana\u00a0brinda servicios a toda la cadena de abastecimiento en las actividades relacionadas al comercio exterior. Esta empresa de transporte de carga multimodal es regulada por su casa Matriz SOUTH EXPRESS CARGO S.A. Dicha agencia de [&hellip;]<\/p>\n","protected":false},"author":1,"featured_media":6304,"parent":0,"menu_order":0,"comment_status":"closed","ping_status":"closed","template":"index.php","meta":{"footnotes":""},"yoast_head":"<!-- This site is optimized with the Yoast SEO plugin v22.4 - https:\/\/yoast.com\/wordpress\/plugins\/seo\/ -->\n<title>Agencia de Carga en Lima Per\u00fa - South Express<\/title>\n<meta name=\"description\" content=\"Somos una agencia de transporte internacional de carga v\u00eda terrestre, mar\u00edtima y a\u00e9rea con 11 a\u00f1os de experiencia. Ll\u00e1manos al 998179583\" \/>\n<meta name=\"robots\" content=\"index, follow, max-snippet:-1, max-image-preview:large, max-video-preview:-1\" \/>\n<link rel=\"canonical\" href=\"https:\/\/www.southexpress.pe\/en\/\" \/>\n<meta property=\"og:locale\" content=\"es_ES\" \/>\n<meta property=\"og:type\" content=\"article\" \/>\n<meta property=\"og:title\" content=\"Agencia de Carga en Lima Per\u00fa - South Express\" \/>\n<meta property=\"og:description\" content=\"Somos una agencia de transporte internacional de carga v\u00eda terrestre, mar\u00edtima y a\u00e9rea con 11 a\u00f1os de experiencia. Ll\u00e1manos al 998179583\" \/>\n<meta property=\"og:url\" content=\"https:\/\/www.southexpress.pe\/en\/\" \/>\n<meta property=\"og:site_name\" content=\"South Express Per\u00fa Ingles\" \/>\n<meta property=\"article:modified_time\" content=\"2025-07-17T17:43:05+00:00\" \/>\n<meta property=\"og:image\" content=\"https:\/\/www.southexpress.pe\/en\/wp-content\/uploads\/2023\/12\/Logistica-Integral-768x400-1.jpg\" \/>\n\t<meta property=\"og:image:width\" content=\"768\" \/>\n\t<meta property=\"og:image:height\" content=\"400\" \/>\n\t<meta property=\"og:image:type\" content=\"image\/jpeg\" \/>\n<meta name=\"twitter:card\" content=\"summary_large_image\" \/>\n<meta name=\"twitter:label1\" content=\"Est. reading time\" \/>\n\t<meta name=\"twitter:data1\" content=\"1 minuto\" \/>\n<script type=\"application\/ld+json\" class=\"yoast-schema-graph\">{\"@context\":\"https:\/\/schema.org\",\"@graph\":[{\"@type\":\"WebPage\",\"@id\":\"https:\/\/www.southexpress.pe\/en\/\",\"url\":\"https:\/\/www.southexpress.pe\/en\/\",\"name\":\"Agencia de Carga en Lima Per\u00fa - South Express\",\"isPartOf\":{\"@id\":\"https:\/\/www.southexpress.pe\/en\/#website\"},\"primaryImageOfPage\":{\"@id\":\"https:\/\/www.southexpress.pe\/en\/#primaryimage\"},\"image\":{\"@id\":\"https:\/\/www.southexpress.pe\/en\/#primaryimage\"},\"thumbnailUrl\":\"https:\/\/www.southexpress.pe\/en\/wp-content\/uploads\/2023\/12\/Logistica-Integral-768x400-1.jpg\",\"datePublished\":\"2019-06-08T21:36:31+00:00\",\"dateModified\":\"2025-07-17T17:43:05+00:00\",\"description\":\"Somos una agencia de transporte internacional de carga v\u00eda terrestre, mar\u00edtima y a\u00e9rea con 11 a\u00f1os de experiencia. Ll\u00e1manos al 998179583\",\"inLanguage\":\"es\",\"potentialAction\":[{\"@type\":\"ReadAction\",\"target\":[\"https:\/\/www.southexpress.pe\/en\/\"]}]},{\"@type\":\"ImageObject\",\"inLanguage\":\"es\",\"@id\":\"https:\/\/www.southexpress.pe\/en\/#primaryimage\",\"url\":\"https:\/\/www.southexpress.pe\/en\/wp-content\/uploads\/2023\/12\/Logistica-Integral-768x400-1.jpg\",\"contentUrl\":\"https:\/\/www.southexpress.pe\/en\/wp-content\/uploads\/2023\/12\/Logistica-Integral-768x400-1.jpg\",\"width\":768,\"height\":400},{\"@type\":\"WebSite\",\"@id\":\"https:\/\/www.southexpress.pe\/en\/#website\",\"url\":\"https:\/\/www.southexpress.pe\/en\/\",\"name\":\"South Express Per\u00fa Ingles\",\"description\":\"Operador Log\u00edstico y agencia de carga multimodal para transporte de carga mar\u00edtimo, \u00e1ereo y terrestre\",\"potentialAction\":[{\"@type\":\"SearchAction\",\"target\":{\"@type\":\"EntryPoint\",\"urlTemplate\":\"https:\/\/www.southexpress.pe\/en\/?s={search_term_string}\"},\"query-input\":\"required name=search_term_string\"}],\"inLanguage\":\"es\"}]}<\/script>\n<!-- \/ Yoast SEO plugin. -->","yoast_head_json":{"title":"Agencia de Carga en Lima Per\u00fa - South Express","description":"Somos una agencia de transporte internacional de carga v\u00eda terrestre, mar\u00edtima y a\u00e9rea con 11 a\u00f1os de experiencia. Ll\u00e1manos al 998179583","robots":{"index":"index","follow":"follow","max-snippet":"max-snippet:-1","max-image-preview":"max-image-preview:large","max-video-preview":"max-video-preview:-1"},"canonical":"https:\/\/www.southexpress.pe\/en\/","og_locale":"es_ES","og_type":"article","og_title":"Agencia de Carga en Lima Per\u00fa - South Express","og_description":"Somos una agencia de transporte internacional de carga v\u00eda terrestre, mar\u00edtima y a\u00e9rea con 11 a\u00f1os de experiencia. Ll\u00e1manos al 998179583","og_url":"https:\/\/www.southexpress.pe\/en\/","og_site_name":"South Express Per\u00fa Ingles","article_modified_time":"2025-07-17T17:43:05+00:00","og_image":[{"width":768,"height":400,"url":"https:\/\/www.southexpress.pe\/en\/wp-content\/uploads\/2023\/12\/Logistica-Integral-768x400-1.jpg","type":"image\/jpeg"}],"twitter_card":"summary_large_image","twitter_misc":{"Est. reading time":"1 minuto"},"schema":{"@context":"https:\/\/schema.org","@graph":[{"@type":"WebPage","@id":"https:\/\/www.southexpress.pe\/en\/","url":"https:\/\/www.southexpress.pe\/en\/","name":"Agencia de Carga en Lima Per\u00fa - South Express","isPartOf":{"@id":"https:\/\/www.southexpress.pe\/en\/#website"},"primaryImageOfPage":{"@id":"https:\/\/www.southexpress.pe\/en\/#primaryimage"},"image":{"@id":"https:\/\/www.southexpress.pe\/en\/#primaryimage"},"thumbnailUrl":"https:\/\/www.southexpress.pe\/en\/wp-content\/uploads\/2023\/12\/Logistica-Integral-768x400-1.jpg","datePublished":"2019-06-08T21:36:31+00:00","dateModified":"2025-07-17T17:43:05+00:00","description":"Somos una agencia de transporte internacional de carga v\u00eda terrestre, mar\u00edtima y a\u00e9rea con 11 a\u00f1os de experiencia. Ll\u00e1manos al 998179583","inLanguage":"es","potentialAction":[{"@type":"ReadAction","target":["https:\/\/www.southexpress.pe\/en\/"]}]},{"@type":"ImageObject","inLanguage":"es","@id":"https:\/\/www.southexpress.pe\/en\/#primaryimage","url":"https:\/\/www.southexpress.pe\/en\/wp-content\/uploads\/2023\/12\/Logistica-Integral-768x400-1.jpg","contentUrl":"https:\/\/www.southexpress.pe\/en\/wp-content\/uploads\/2023\/12\/Logistica-Integral-768x400-1.jpg","width":768,"height":400},{"@type":"WebSite","@id":"https:\/\/www.southexpress.pe\/en\/#website","url":"https:\/\/www.southexpress.pe\/en\/","name":"South Express Per\u00fa Ingles","description":"Operador Log\u00edstico y agencia de carga multimodal para transporte de carga mar\u00edtimo, \u00e1ereo y terrestre","potentialAction":[{"@type":"SearchAction","target":{"@type":"EntryPoint","urlTemplate":"https:\/\/www.southexpress.pe\/en\/?s={search_term_string}"},"query-input":"required name=search_term_string"}],"inLanguage":"es"}]}},"_links":{"self":[{"href":"https:\/\/www.southexpress.pe\/en\/wp-json\/wp\/v2\/pages\/12"}],"collection":[{"href":"https:\/\/www.southexpress.pe\/en\/wp-json\/wp\/v2\/pages"}],"about":[{"href":"https:\/\/www.southexpress.pe\/en\/wp-json\/wp\/v2\/types\/page"}],"author":[{"embeddable":true,"href":"https:\/\/www.southexpress.pe\/en\/wp-json\/wp\/v2\/users\/1"}],"replies":[{"embeddable":true,"href":"https:\/\/www.southexpress.pe\/en\/wp-json\/wp\/v2\/comments?post=12"}],"version-history":[{"count":22,"href":"https:\/\/www.southexpress.pe\/en\/wp-json\/wp\/v2\/pages\/12\/revisions"}],"predecessor-version":[{"id":6727,"href":"https:\/\/www.southexpress.pe\/en\/wp-json\/wp\/v2\/pages\/12\/revisions\/6727"}],"wp:featuredmedia":[{"embeddable":true,"href":"https:\/\/www.southexpress.pe\/en\/wp-json\/wp\/v2\/media\/6304"}],"wp:attachment":[{"href":"https:\/\/www.southexpress.pe\/en\/wp-json\/wp\/v2\/media?parent=12"}],"curies":[{"name":"wp","href":"https:\/\/api.w.org\/{rel}","templated":true}]}}