{"id":15,"date":"2019-06-11T15:59:48","date_gmt":"2019-06-11T15:59:48","guid":{"rendered":"https:\/\/www.southexpress.pe\/en\/?page_id=15"},"modified":"2024-04-08T15:37:13","modified_gmt":"2024-04-08T20:37:13","slug":"services","status":"publish","type":"page","link":"https:\/\/www.southexpress.pe\/en\/services\/","title":{"rendered":"Services"},"content":{"rendered":"<p>We offer our cargo transportation services by Air, Sea and Land at a national or international level, facilitating import and export operations. Call (+51)(01) 418-5151 &#8211; (+51) 981402866 &#8211; (+51) 955131654 or complete the web form to request more information.<\/p>\n<p>We are one of the best international cargo transportation companies in Lima, Peru. Quote with South Express the best price for sea, air and land freight to the main destinations in the world such as: China, United States, Spain, Japan, Peru, Chile, Colombia, Brazil, among others.<\/p>\n","protected":false},"excerpt":{"rendered":"<p>We offer our cargo transportation services by Air, Sea and Land at a national or international level, facilitating import and export operations. Call (+51)(01) 418-5151 &#8211; (+51) 981402866 &#8211; (+51) 955131654 or complete the web form to request more information. We are one of the best international cargo transportation companies in Lima, Peru. Quote with [&hellip;]<\/p>\n","protected":false},"author":1,"featured_media":0,"parent":0,"menu_order":0,"comment_status":"closed","ping_status":"closed","template":"tmp_categoria.php","meta":{"footnotes":""},"yoast_head":"<!-- This site is optimized with the Yoast SEO plugin v22.4 - https:\/\/yoast.com\/wordpress\/plugins\/seo\/ -->\n<title>Services - South Express Per\u00fa Ingles<\/title>\n<meta name=\"description\" content=\"La agencia de carga South Express ofrece servicios de transporte de carga por v\u00eda A\u00e9rea, Mar\u00edtima y Terrestre a nivel nacional o internacional.\" \/>\n<meta name=\"robots\" content=\"index, follow, max-snippet:-1, max-image-preview:large, max-video-preview:-1\" \/>\n<link rel=\"canonical\" href=\"https:\/\/www.southexpress.pe\/en\/services\/\" \/>\n<meta property=\"og:locale\" content=\"es_ES\" \/>\n<meta property=\"og:type\" content=\"article\" \/>\n<meta property=\"og:title\" content=\"Services - South Express Per\u00fa Ingles\" \/>\n<meta property=\"og:description\" content=\"La agencia de carga South Express ofrece servicios de transporte de carga por v\u00eda A\u00e9rea, Mar\u00edtima y Terrestre a nivel nacional o internacional.\" \/>\n<meta property=\"og:url\" content=\"https:\/\/www.southexpress.pe\/en\/services\/\" \/>\n<meta property=\"og:site_name\" content=\"South Express Per\u00fa Ingles\" \/>\n<meta property=\"article:modified_time\" content=\"2024-04-08T20:37:13+00:00\" \/>\n<meta name=\"twitter:card\" content=\"summary_large_image\" \/>\n<meta name=\"twitter:label1\" content=\"Est. reading time\" \/>\n\t<meta name=\"twitter:data1\" content=\"1 minuto\" \/>\n<script type=\"application\/ld+json\" class=\"yoast-schema-graph\">{\"@context\":\"https:\/\/schema.org\",\"@graph\":[{\"@type\":\"WebPage\",\"@id\":\"https:\/\/www.southexpress.pe\/en\/services\/\",\"url\":\"https:\/\/www.southexpress.pe\/en\/services\/\",\"name\":\"Services - South Express Per\u00fa Ingles\",\"isPartOf\":{\"@id\":\"https:\/\/www.southexpress.pe\/en\/#website\"},\"datePublished\":\"2019-06-11T15:59:48+00:00\",\"dateModified\":\"2024-04-08T20:37:13+00:00\",\"description\":\"La agencia de carga South Express ofrece servicios de transporte de carga por v\u00eda A\u00e9rea, Mar\u00edtima y Terrestre a nivel nacional o internacional.\",\"inLanguage\":\"es\",\"potentialAction\":[{\"@type\":\"ReadAction\",\"target\":[\"https:\/\/www.southexpress.pe\/en\/services\/\"]}]},{\"@type\":\"WebSite\",\"@id\":\"https:\/\/www.southexpress.pe\/en\/#website\",\"url\":\"https:\/\/www.southexpress.pe\/en\/\",\"name\":\"South Express Per\u00fa Ingles\",\"description\":\"Operador Log\u00edstico y agencia de carga multimodal para transporte de carga mar\u00edtimo, \u00e1ereo y terrestre\",\"potentialAction\":[{\"@type\":\"SearchAction\",\"target\":{\"@type\":\"EntryPoint\",\"urlTemplate\":\"https:\/\/www.southexpress.pe\/en\/?s={search_term_string}\"},\"query-input\":\"required name=search_term_string\"}],\"inLanguage\":\"es\"}]}<\/script>\n<!-- \/ Yoast SEO plugin. -->","yoast_head_json":{"title":"Services - South Express Per\u00fa Ingles","description":"La agencia de carga South Express ofrece servicios de transporte de carga por v\u00eda A\u00e9rea, Mar\u00edtima y Terrestre a nivel nacional o internacional.","robots":{"index":"index","follow":"follow","max-snippet":"max-snippet:-1","max-image-preview":"max-image-preview:large","max-video-preview":"max-video-preview:-1"},"canonical":"https:\/\/www.southexpress.pe\/en\/services\/","og_locale":"es_ES","og_type":"article","og_title":"Services - South Express Per\u00fa Ingles","og_description":"La agencia de carga South Express ofrece servicios de transporte de carga por v\u00eda A\u00e9rea, Mar\u00edtima y Terrestre a nivel nacional o internacional.","og_url":"https:\/\/www.southexpress.pe\/en\/services\/","og_site_name":"South Express Per\u00fa Ingles","article_modified_time":"2024-04-08T20:37:13+00:00","twitter_card":"summary_large_image","twitter_misc":{"Est. reading time":"1 minuto"},"schema":{"@context":"https:\/\/schema.org","@graph":[{"@type":"WebPage","@id":"https:\/\/www.southexpress.pe\/en\/services\/","url":"https:\/\/www.southexpress.pe\/en\/services\/","name":"Services - South Express Per\u00fa Ingles","isPartOf":{"@id":"https:\/\/www.southexpress.pe\/en\/#website"},"datePublished":"2019-06-11T15:59:48+00:00","dateModified":"2024-04-08T20:37:13+00:00","description":"La agencia de carga South Express ofrece servicios de transporte de carga por v\u00eda A\u00e9rea, Mar\u00edtima y Terrestre a nivel nacional o internacional.","inLanguage":"es","potentialAction":[{"@type":"ReadAction","target":["https:\/\/www.southexpress.pe\/en\/services\/"]}]},{"@type":"WebSite","@id":"https:\/\/www.southexpress.pe\/en\/#website","url":"https:\/\/www.southexpress.pe\/en\/","name":"South Express Per\u00fa Ingles","description":"Operador Log\u00edstico y agencia de carga multimodal para transporte de carga mar\u00edtimo, \u00e1ereo y terrestre","potentialAction":[{"@type":"SearchAction","target":{"@type":"EntryPoint","urlTemplate":"https:\/\/www.southexpress.pe\/en\/?s={search_term_string}"},"query-input":"required name=search_term_string"}],"inLanguage":"es"}]}},"_links":{"self":[{"href":"https:\/\/www.southexpress.pe\/en\/wp-json\/wp\/v2\/pages\/15"}],"collection":[{"href":"https:\/\/www.southexpress.pe\/en\/wp-json\/wp\/v2\/pages"}],"about":[{"href":"https:\/\/www.southexpress.pe\/en\/wp-json\/wp\/v2\/types\/page"}],"author":[{"embeddable":true,"href":"https:\/\/www.southexpress.pe\/en\/wp-json\/wp\/v2\/users\/1"}],"replies":[{"embeddable":true,"href":"https:\/\/www.southexpress.pe\/en\/wp-json\/wp\/v2\/comments?post=15"}],"version-history":[{"count":10,"href":"https:\/\/www.southexpress.pe\/en\/wp-json\/wp\/v2\/pages\/15\/revisions"}],"predecessor-version":[{"id":6731,"href":"https:\/\/www.southexpress.pe\/en\/wp-json\/wp\/v2\/pages\/15\/revisions\/6731"}],"wp:attachment":[{"href":"https:\/\/www.southexpress.pe\/en\/wp-json\/wp\/v2\/media?parent=15"}],"curies":[{"name":"wp","href":"https:\/\/api.w.org\/{rel}","templated":true}]}}