{"id":177,"date":"2019-01-03T17:31:24","date_gmt":"2019-01-03T22:31:24","guid":{"rendered":"https:\/\/www.southexpress.pe\/en\/?page_id=177"},"modified":"2024-04-09T16:49:22","modified_gmt":"2024-04-09T21:49:22","slug":"national-and-international-land-cargo-transportation","status":"publish","type":"page","link":"https:\/\/www.southexpress.pe\/en\/services\/national-and-international-land-cargo-transportation\/","title":{"rendered":"National and International Land Cargo Transportation"},"content":{"rendered":"<p>We have strategic alliances for our National land cargo transportation service that allows us to transfer products optimally, from or to the Port of Callao and\/or the Jorge Ch\u00e1vez International Airport.<\/p>\n<p>Regarding our International Ground Service; Depending on the season, we can offer services for the borders of Peru (Brazil, Argentina, Ecuador, Chile and Paraguay).<\/p>\n<p>Call the telephone numbers: (01)418-5151 \/ (+51) 998 179 583, write to us at ventas@southexpress.pe or complete the web form to request more information about our freight costs and cargo transportation service. national and international land.<\/p>\n","protected":false},"excerpt":{"rendered":"<p>We have strategic alliances for our National land cargo transportation service that allows us to transfer products optimally, from or to the Port of Callao and\/or the Jorge Ch\u00e1vez International Airport. Regarding our International Ground Service; Depending on the season, we can offer services for the borders of Peru (Brazil, Argentina, Ecuador, Chile and Paraguay). [&hellip;]<\/p>\n","protected":false},"author":1,"featured_media":6250,"parent":15,"menu_order":3,"comment_status":"closed","ping_status":"closed","template":"page.php","meta":{"footnotes":""},"yoast_head":"<!-- This site is optimized with the Yoast SEO plugin v22.4 - https:\/\/yoast.com\/wordpress\/plugins\/seo\/ -->\n<title>Transporte de Carga Terrestre nacional<\/title>\n<meta name=\"description\" content=\"South Express Per\u00fa ofrece el servicio de transporte de carga terrestre a nivel nacional. Para m\u00e1s informaci\u00f3n, llama al tel\u00e9fono (51-1) 955131654\" \/>\n<meta name=\"robots\" content=\"index, follow, max-snippet:-1, max-image-preview:large, max-video-preview:-1\" \/>\n<link rel=\"canonical\" href=\"https:\/\/www.southexpress.pe\/en\/services\/national-and-international-land-cargo-transportation\/\" \/>\n<meta property=\"og:locale\" content=\"es_ES\" \/>\n<meta property=\"og:type\" content=\"article\" \/>\n<meta property=\"og:title\" content=\"Transporte de Carga Terrestre nacional\" \/>\n<meta property=\"og:description\" content=\"South Express Per\u00fa ofrece el servicio de transporte de carga terrestre a nivel nacional. Para m\u00e1s informaci\u00f3n, llama al tel\u00e9fono (51-1) 955131654\" \/>\n<meta property=\"og:url\" content=\"https:\/\/www.southexpress.pe\/en\/services\/national-and-international-land-cargo-transportation\/\" \/>\n<meta property=\"og:site_name\" content=\"South Express Per\u00fa Ingles\" \/>\n<meta property=\"article:modified_time\" content=\"2024-04-09T21:49:22+00:00\" \/>\n<meta property=\"og:image\" content=\"https:\/\/www.southexpress.pe\/en\/wp-content\/uploads\/2023\/12\/12345.jpeg\" \/>\n\t<meta property=\"og:image:width\" content=\"1600\" \/>\n\t<meta property=\"og:image:height\" content=\"604\" \/>\n\t<meta property=\"og:image:type\" content=\"image\/jpeg\" \/>\n<meta name=\"twitter:card\" content=\"summary_large_image\" \/>\n<meta name=\"twitter:label1\" content=\"Est. reading time\" \/>\n\t<meta name=\"twitter:data1\" content=\"1 minuto\" \/>\n<script type=\"application\/ld+json\" class=\"yoast-schema-graph\">{\"@context\":\"https:\/\/schema.org\",\"@graph\":[{\"@type\":\"WebPage\",\"@id\":\"https:\/\/www.southexpress.pe\/en\/services\/national-and-international-land-cargo-transportation\/\",\"url\":\"https:\/\/www.southexpress.pe\/en\/services\/national-and-international-land-cargo-transportation\/\",\"name\":\"Transporte de Carga Terrestre nacional\",\"isPartOf\":{\"@id\":\"https:\/\/www.southexpress.pe\/en\/#website\"},\"primaryImageOfPage\":{\"@id\":\"https:\/\/www.southexpress.pe\/en\/services\/national-and-international-land-cargo-transportation\/#primaryimage\"},\"image\":{\"@id\":\"https:\/\/www.southexpress.pe\/en\/services\/national-and-international-land-cargo-transportation\/#primaryimage\"},\"thumbnailUrl\":\"https:\/\/www.southexpress.pe\/en\/wp-content\/uploads\/2023\/12\/12345.jpeg\",\"datePublished\":\"2019-01-03T22:31:24+00:00\",\"dateModified\":\"2024-04-09T21:49:22+00:00\",\"description\":\"South Express Per\u00fa ofrece el servicio de transporte de carga terrestre a nivel nacional. Para m\u00e1s informaci\u00f3n, llama al tel\u00e9fono (51-1) 955131654\",\"breadcrumb\":{\"@id\":\"https:\/\/www.southexpress.pe\/en\/services\/national-and-international-land-cargo-transportation\/#breadcrumb\"},\"inLanguage\":\"es\",\"potentialAction\":[{\"@type\":\"ReadAction\",\"target\":[\"https:\/\/www.southexpress.pe\/en\/services\/national-and-international-land-cargo-transportation\/\"]}]},{\"@type\":\"ImageObject\",\"inLanguage\":\"es\",\"@id\":\"https:\/\/www.southexpress.pe\/en\/services\/national-and-international-land-cargo-transportation\/#primaryimage\",\"url\":\"https:\/\/www.southexpress.pe\/en\/wp-content\/uploads\/2023\/12\/12345.jpeg\",\"contentUrl\":\"https:\/\/www.southexpress.pe\/en\/wp-content\/uploads\/2023\/12\/12345.jpeg\",\"width\":1600,\"height\":604},{\"@type\":\"BreadcrumbList\",\"@id\":\"https:\/\/www.southexpress.pe\/en\/services\/national-and-international-land-cargo-transportation\/#breadcrumb\",\"itemListElement\":[{\"@type\":\"ListItem\",\"position\":1,\"name\":\"Services\",\"item\":\"https:\/\/www.southexpress.pe\/en\/services\/\"},{\"@type\":\"ListItem\",\"position\":2,\"name\":\"National and International Land Cargo Transportation\"}]},{\"@type\":\"WebSite\",\"@id\":\"https:\/\/www.southexpress.pe\/en\/#website\",\"url\":\"https:\/\/www.southexpress.pe\/en\/\",\"name\":\"South Express Per\u00fa Ingles\",\"description\":\"Operador Log\u00edstico y agencia de carga multimodal para transporte de carga mar\u00edtimo, \u00e1ereo y terrestre\",\"potentialAction\":[{\"@type\":\"SearchAction\",\"target\":{\"@type\":\"EntryPoint\",\"urlTemplate\":\"https:\/\/www.southexpress.pe\/en\/?s={search_term_string}\"},\"query-input\":\"required name=search_term_string\"}],\"inLanguage\":\"es\"}]}<\/script>\n<!-- \/ Yoast SEO plugin. -->","yoast_head_json":{"title":"Transporte de Carga Terrestre nacional","description":"South Express Per\u00fa ofrece el servicio de transporte de carga terrestre a nivel nacional. Para m\u00e1s informaci\u00f3n, llama al tel\u00e9fono (51-1) 955131654","robots":{"index":"index","follow":"follow","max-snippet":"max-snippet:-1","max-image-preview":"max-image-preview:large","max-video-preview":"max-video-preview:-1"},"canonical":"https:\/\/www.southexpress.pe\/en\/services\/national-and-international-land-cargo-transportation\/","og_locale":"es_ES","og_type":"article","og_title":"Transporte de Carga Terrestre nacional","og_description":"South Express Per\u00fa ofrece el servicio de transporte de carga terrestre a nivel nacional. Para m\u00e1s informaci\u00f3n, llama al tel\u00e9fono (51-1) 955131654","og_url":"https:\/\/www.southexpress.pe\/en\/services\/national-and-international-land-cargo-transportation\/","og_site_name":"South Express Per\u00fa Ingles","article_modified_time":"2024-04-09T21:49:22+00:00","og_image":[{"width":1600,"height":604,"url":"https:\/\/www.southexpress.pe\/en\/wp-content\/uploads\/2023\/12\/12345.jpeg","type":"image\/jpeg"}],"twitter_card":"summary_large_image","twitter_misc":{"Est. reading time":"1 minuto"},"schema":{"@context":"https:\/\/schema.org","@graph":[{"@type":"WebPage","@id":"https:\/\/www.southexpress.pe\/en\/services\/national-and-international-land-cargo-transportation\/","url":"https:\/\/www.southexpress.pe\/en\/services\/national-and-international-land-cargo-transportation\/","name":"Transporte de Carga Terrestre nacional","isPartOf":{"@id":"https:\/\/www.southexpress.pe\/en\/#website"},"primaryImageOfPage":{"@id":"https:\/\/www.southexpress.pe\/en\/services\/national-and-international-land-cargo-transportation\/#primaryimage"},"image":{"@id":"https:\/\/www.southexpress.pe\/en\/services\/national-and-international-land-cargo-transportation\/#primaryimage"},"thumbnailUrl":"https:\/\/www.southexpress.pe\/en\/wp-content\/uploads\/2023\/12\/12345.jpeg","datePublished":"2019-01-03T22:31:24+00:00","dateModified":"2024-04-09T21:49:22+00:00","description":"South Express Per\u00fa ofrece el servicio de transporte de carga terrestre a nivel nacional. Para m\u00e1s informaci\u00f3n, llama al tel\u00e9fono (51-1) 955131654","breadcrumb":{"@id":"https:\/\/www.southexpress.pe\/en\/services\/national-and-international-land-cargo-transportation\/#breadcrumb"},"inLanguage":"es","potentialAction":[{"@type":"ReadAction","target":["https:\/\/www.southexpress.pe\/en\/services\/national-and-international-land-cargo-transportation\/"]}]},{"@type":"ImageObject","inLanguage":"es","@id":"https:\/\/www.southexpress.pe\/en\/services\/national-and-international-land-cargo-transportation\/#primaryimage","url":"https:\/\/www.southexpress.pe\/en\/wp-content\/uploads\/2023\/12\/12345.jpeg","contentUrl":"https:\/\/www.southexpress.pe\/en\/wp-content\/uploads\/2023\/12\/12345.jpeg","width":1600,"height":604},{"@type":"BreadcrumbList","@id":"https:\/\/www.southexpress.pe\/en\/services\/national-and-international-land-cargo-transportation\/#breadcrumb","itemListElement":[{"@type":"ListItem","position":1,"name":"Services","item":"https:\/\/www.southexpress.pe\/en\/services\/"},{"@type":"ListItem","position":2,"name":"National and International Land Cargo Transportation"}]},{"@type":"WebSite","@id":"https:\/\/www.southexpress.pe\/en\/#website","url":"https:\/\/www.southexpress.pe\/en\/","name":"South Express Per\u00fa Ingles","description":"Operador Log\u00edstico y agencia de carga multimodal para transporte de carga mar\u00edtimo, \u00e1ereo y terrestre","potentialAction":[{"@type":"SearchAction","target":{"@type":"EntryPoint","urlTemplate":"https:\/\/www.southexpress.pe\/en\/?s={search_term_string}"},"query-input":"required name=search_term_string"}],"inLanguage":"es"}]}},"_links":{"self":[{"href":"https:\/\/www.southexpress.pe\/en\/wp-json\/wp\/v2\/pages\/177"}],"collection":[{"href":"https:\/\/www.southexpress.pe\/en\/wp-json\/wp\/v2\/pages"}],"about":[{"href":"https:\/\/www.southexpress.pe\/en\/wp-json\/wp\/v2\/types\/page"}],"author":[{"embeddable":true,"href":"https:\/\/www.southexpress.pe\/en\/wp-json\/wp\/v2\/users\/1"}],"replies":[{"embeddable":true,"href":"https:\/\/www.southexpress.pe\/en\/wp-json\/wp\/v2\/comments?post=177"}],"version-history":[{"count":17,"href":"https:\/\/www.southexpress.pe\/en\/wp-json\/wp\/v2\/pages\/177\/revisions"}],"predecessor-version":[{"id":6746,"href":"https:\/\/www.southexpress.pe\/en\/wp-json\/wp\/v2\/pages\/177\/revisions\/6746"}],"up":[{"embeddable":true,"href":"https:\/\/www.southexpress.pe\/en\/wp-json\/wp\/v2\/pages\/15"}],"wp:featuredmedia":[{"embeddable":true,"href":"https:\/\/www.southexpress.pe\/en\/wp-json\/wp\/v2\/media\/6250"}],"wp:attachment":[{"href":"https:\/\/www.southexpress.pe\/en\/wp-json\/wp\/v2\/media?parent=177"}],"curies":[{"name":"wp","href":"https:\/\/api.w.org\/{rel}","templated":true}]}}