{"id":185,"date":"2020-01-17T17:54:31","date_gmt":"2020-01-17T17:54:31","guid":{"rendered":"https:\/\/www.southexpress.pe\/en\/?page_id=185"},"modified":"2024-04-08T15:46:42","modified_gmt":"2024-04-08T20:46:42","slug":"seguros-de-carga-internacional","status":"publish","type":"page","link":"https:\/\/www.southexpress.pe\/en\/services\/seguros-de-carga-internacional\/","title":{"rendered":"Cargo Insurance for import and export"},"content":{"rendered":"<p>Our export and import cargo insurance is specifically designed to give you the peace of mind and confidence needed in the face of the inherent risks of international transportation.<\/p>\n<p>In the event of any eventuality or setback, our services are intended to safeguard the integrity of your shipments, providing you with financial compensation that allows you to resolve any problem quickly and effectively.<\/p>\n<p>The full cover insurance that we offer has great benefits compared to others that are on the market with higher requirements, among them:<\/p>\n<ul>\n<li>Robbery and partial or total theft<\/li>\n<li>Partial and total damage (also occurred during loading\/unloading maneuvers)<\/li>\n<li>General breakdown<\/li>\n<li>Without deductibles, paying the entire approved claim<\/li>\n<li>No deductibles with the option to claim minimum amounts<\/li>\n<\/ul>\n<p>Call (51-1) 418-5151 \/ 998179583 or complete the web form to request more information.<\/p>\n","protected":false},"excerpt":{"rendered":"<p>Our export and import cargo insurance is specifically designed to give you the peace of mind and confidence needed in the face of the inherent risks of international transportation. In the event of any eventuality or setback, our services are intended to safeguard the integrity of your shipments, providing you with financial compensation that allows [&hellip;]<\/p>\n","protected":false},"author":1,"featured_media":5942,"parent":15,"menu_order":4,"comment_status":"closed","ping_status":"closed","template":"page.php","meta":{"footnotes":""},"yoast_head":"<!-- This site is optimized with the Yoast SEO plugin v22.4 - https:\/\/yoast.com\/wordpress\/plugins\/seo\/ -->\n<title>Cargo Insurance for import and export - South Express Per\u00fa Ingles<\/title>\n<meta name=\"description\" content=\"Si est\u00e1s interesado en comprar seguros de carga para exportaci\u00f3n e importaci\u00f3n a los mejores precios, llama al tel\u00e9fono (51-1) 418-5151\" \/>\n<meta name=\"robots\" content=\"index, follow, max-snippet:-1, max-image-preview:large, max-video-preview:-1\" \/>\n<link rel=\"canonical\" href=\"https:\/\/www.southexpress.pe\/en\/services\/seguros-de-carga-internacional\/\" \/>\n<meta property=\"og:locale\" content=\"es_ES\" \/>\n<meta property=\"og:type\" content=\"article\" \/>\n<meta property=\"og:title\" content=\"Cargo Insurance for import and export - South Express Per\u00fa Ingles\" \/>\n<meta property=\"og:description\" content=\"Si est\u00e1s interesado en comprar seguros de carga para exportaci\u00f3n e importaci\u00f3n a los mejores precios, llama al tel\u00e9fono (51-1) 418-5151\" \/>\n<meta property=\"og:url\" content=\"https:\/\/www.southexpress.pe\/en\/services\/seguros-de-carga-internacional\/\" \/>\n<meta property=\"og:site_name\" content=\"South Express Per\u00fa Ingles\" \/>\n<meta property=\"article:modified_time\" content=\"2024-04-08T20:46:42+00:00\" \/>\n<meta property=\"og:image\" content=\"https:\/\/www.southexpress.pe\/en\/wp-content\/uploads\/2023\/07\/2.jpg\" \/>\n\t<meta property=\"og:image:width\" content=\"775\" \/>\n\t<meta property=\"og:image:height\" content=\"445\" \/>\n\t<meta property=\"og:image:type\" content=\"image\/jpeg\" \/>\n<meta name=\"twitter:card\" content=\"summary_large_image\" \/>\n<meta name=\"twitter:label1\" content=\"Est. reading time\" \/>\n\t<meta name=\"twitter:data1\" content=\"1 minuto\" \/>\n<script type=\"application\/ld+json\" class=\"yoast-schema-graph\">{\"@context\":\"https:\/\/schema.org\",\"@graph\":[{\"@type\":\"WebPage\",\"@id\":\"https:\/\/www.southexpress.pe\/en\/services\/seguros-de-carga-internacional\/\",\"url\":\"https:\/\/www.southexpress.pe\/en\/services\/seguros-de-carga-internacional\/\",\"name\":\"Cargo Insurance for import and export - South Express Per\u00fa Ingles\",\"isPartOf\":{\"@id\":\"https:\/\/www.southexpress.pe\/en\/#website\"},\"primaryImageOfPage\":{\"@id\":\"https:\/\/www.southexpress.pe\/en\/services\/seguros-de-carga-internacional\/#primaryimage\"},\"image\":{\"@id\":\"https:\/\/www.southexpress.pe\/en\/services\/seguros-de-carga-internacional\/#primaryimage\"},\"thumbnailUrl\":\"https:\/\/www.southexpress.pe\/en\/wp-content\/uploads\/2023\/07\/2.jpg\",\"datePublished\":\"2020-01-17T17:54:31+00:00\",\"dateModified\":\"2024-04-08T20:46:42+00:00\",\"description\":\"Si est\u00e1s interesado en comprar seguros de carga para exportaci\u00f3n e importaci\u00f3n a los mejores precios, llama al tel\u00e9fono (51-1) 418-5151\",\"breadcrumb\":{\"@id\":\"https:\/\/www.southexpress.pe\/en\/services\/seguros-de-carga-internacional\/#breadcrumb\"},\"inLanguage\":\"es\",\"potentialAction\":[{\"@type\":\"ReadAction\",\"target\":[\"https:\/\/www.southexpress.pe\/en\/services\/seguros-de-carga-internacional\/\"]}]},{\"@type\":\"ImageObject\",\"inLanguage\":\"es\",\"@id\":\"https:\/\/www.southexpress.pe\/en\/services\/seguros-de-carga-internacional\/#primaryimage\",\"url\":\"https:\/\/www.southexpress.pe\/en\/wp-content\/uploads\/2023\/07\/2.jpg\",\"contentUrl\":\"https:\/\/www.southexpress.pe\/en\/wp-content\/uploads\/2023\/07\/2.jpg\",\"width\":775,\"height\":445},{\"@type\":\"BreadcrumbList\",\"@id\":\"https:\/\/www.southexpress.pe\/en\/services\/seguros-de-carga-internacional\/#breadcrumb\",\"itemListElement\":[{\"@type\":\"ListItem\",\"position\":1,\"name\":\"Services\",\"item\":\"https:\/\/www.southexpress.pe\/en\/services\/\"},{\"@type\":\"ListItem\",\"position\":2,\"name\":\"Cargo Insurance for import and export\"}]},{\"@type\":\"WebSite\",\"@id\":\"https:\/\/www.southexpress.pe\/en\/#website\",\"url\":\"https:\/\/www.southexpress.pe\/en\/\",\"name\":\"South Express Per\u00fa Ingles\",\"description\":\"Operador Log\u00edstico y agencia de carga multimodal para transporte de carga mar\u00edtimo, \u00e1ereo y terrestre\",\"potentialAction\":[{\"@type\":\"SearchAction\",\"target\":{\"@type\":\"EntryPoint\",\"urlTemplate\":\"https:\/\/www.southexpress.pe\/en\/?s={search_term_string}\"},\"query-input\":\"required name=search_term_string\"}],\"inLanguage\":\"es\"}]}<\/script>\n<!-- \/ Yoast SEO plugin. -->","yoast_head_json":{"title":"Cargo Insurance for import and export - South Express Per\u00fa Ingles","description":"Si est\u00e1s interesado en comprar seguros de carga para exportaci\u00f3n e importaci\u00f3n a los mejores precios, llama al tel\u00e9fono (51-1) 418-5151","robots":{"index":"index","follow":"follow","max-snippet":"max-snippet:-1","max-image-preview":"max-image-preview:large","max-video-preview":"max-video-preview:-1"},"canonical":"https:\/\/www.southexpress.pe\/en\/services\/seguros-de-carga-internacional\/","og_locale":"es_ES","og_type":"article","og_title":"Cargo Insurance for import and export - South Express Per\u00fa Ingles","og_description":"Si est\u00e1s interesado en comprar seguros de carga para exportaci\u00f3n e importaci\u00f3n a los mejores precios, llama al tel\u00e9fono (51-1) 418-5151","og_url":"https:\/\/www.southexpress.pe\/en\/services\/seguros-de-carga-internacional\/","og_site_name":"South Express Per\u00fa Ingles","article_modified_time":"2024-04-08T20:46:42+00:00","og_image":[{"width":775,"height":445,"url":"https:\/\/www.southexpress.pe\/en\/wp-content\/uploads\/2023\/07\/2.jpg","type":"image\/jpeg"}],"twitter_card":"summary_large_image","twitter_misc":{"Est. reading time":"1 minuto"},"schema":{"@context":"https:\/\/schema.org","@graph":[{"@type":"WebPage","@id":"https:\/\/www.southexpress.pe\/en\/services\/seguros-de-carga-internacional\/","url":"https:\/\/www.southexpress.pe\/en\/services\/seguros-de-carga-internacional\/","name":"Cargo Insurance for import and export - South Express Per\u00fa Ingles","isPartOf":{"@id":"https:\/\/www.southexpress.pe\/en\/#website"},"primaryImageOfPage":{"@id":"https:\/\/www.southexpress.pe\/en\/services\/seguros-de-carga-internacional\/#primaryimage"},"image":{"@id":"https:\/\/www.southexpress.pe\/en\/services\/seguros-de-carga-internacional\/#primaryimage"},"thumbnailUrl":"https:\/\/www.southexpress.pe\/en\/wp-content\/uploads\/2023\/07\/2.jpg","datePublished":"2020-01-17T17:54:31+00:00","dateModified":"2024-04-08T20:46:42+00:00","description":"Si est\u00e1s interesado en comprar seguros de carga para exportaci\u00f3n e importaci\u00f3n a los mejores precios, llama al tel\u00e9fono (51-1) 418-5151","breadcrumb":{"@id":"https:\/\/www.southexpress.pe\/en\/services\/seguros-de-carga-internacional\/#breadcrumb"},"inLanguage":"es","potentialAction":[{"@type":"ReadAction","target":["https:\/\/www.southexpress.pe\/en\/services\/seguros-de-carga-internacional\/"]}]},{"@type":"ImageObject","inLanguage":"es","@id":"https:\/\/www.southexpress.pe\/en\/services\/seguros-de-carga-internacional\/#primaryimage","url":"https:\/\/www.southexpress.pe\/en\/wp-content\/uploads\/2023\/07\/2.jpg","contentUrl":"https:\/\/www.southexpress.pe\/en\/wp-content\/uploads\/2023\/07\/2.jpg","width":775,"height":445},{"@type":"BreadcrumbList","@id":"https:\/\/www.southexpress.pe\/en\/services\/seguros-de-carga-internacional\/#breadcrumb","itemListElement":[{"@type":"ListItem","position":1,"name":"Services","item":"https:\/\/www.southexpress.pe\/en\/services\/"},{"@type":"ListItem","position":2,"name":"Cargo Insurance for import and export"}]},{"@type":"WebSite","@id":"https:\/\/www.southexpress.pe\/en\/#website","url":"https:\/\/www.southexpress.pe\/en\/","name":"South Express Per\u00fa Ingles","description":"Operador Log\u00edstico y agencia de carga multimodal para transporte de carga mar\u00edtimo, \u00e1ereo y terrestre","potentialAction":[{"@type":"SearchAction","target":{"@type":"EntryPoint","urlTemplate":"https:\/\/www.southexpress.pe\/en\/?s={search_term_string}"},"query-input":"required name=search_term_string"}],"inLanguage":"es"}]}},"_links":{"self":[{"href":"https:\/\/www.southexpress.pe\/en\/wp-json\/wp\/v2\/pages\/185"}],"collection":[{"href":"https:\/\/www.southexpress.pe\/en\/wp-json\/wp\/v2\/pages"}],"about":[{"href":"https:\/\/www.southexpress.pe\/en\/wp-json\/wp\/v2\/types\/page"}],"author":[{"embeddable":true,"href":"https:\/\/www.southexpress.pe\/en\/wp-json\/wp\/v2\/users\/1"}],"replies":[{"embeddable":true,"href":"https:\/\/www.southexpress.pe\/en\/wp-json\/wp\/v2\/comments?post=185"}],"version-history":[{"count":14,"href":"https:\/\/www.southexpress.pe\/en\/wp-json\/wp\/v2\/pages\/185\/revisions"}],"predecessor-version":[{"id":6738,"href":"https:\/\/www.southexpress.pe\/en\/wp-json\/wp\/v2\/pages\/185\/revisions\/6738"}],"up":[{"embeddable":true,"href":"https:\/\/www.southexpress.pe\/en\/wp-json\/wp\/v2\/pages\/15"}],"wp:featuredmedia":[{"embeddable":true,"href":"https:\/\/www.southexpress.pe\/en\/wp-json\/wp\/v2\/media\/5942"}],"wp:attachment":[{"href":"https:\/\/www.southexpress.pe\/en\/wp-json\/wp\/v2\/media?parent=185"}],"curies":[{"name":"wp","href":"https:\/\/api.w.org\/{rel}","templated":true}]}}