{"id":39,"date":"2019-06-13T15:20:43","date_gmt":"2019-06-13T15:20:43","guid":{"rendered":"https:\/\/www.southexpress.pe\/en\/?page_id=39"},"modified":"2024-04-08T15:38:41","modified_gmt":"2024-04-08T20:38:41","slug":"about-us","status":"publish","type":"page","link":"https:\/\/www.southexpress.pe\/en\/about-us\/","title":{"rendered":"About us"},"content":{"rendered":"","protected":false},"excerpt":{"rendered":"","protected":false},"author":1,"featured_media":0,"parent":0,"menu_order":0,"comment_status":"closed","ping_status":"closed","template":"tmp_nosotros.php","meta":{"footnotes":""},"yoast_head":"<!-- This site is optimized with the Yoast SEO plugin v22.4 - https:\/\/yoast.com\/wordpress\/plugins\/seo\/ -->\n<title>Conoce Sobre South Express - South Express Per\u00fa<\/title>\n<meta name=\"description\" content=\"Desde el 2011 somos una de las principales agencia de carga en el Per\u00fa. Importamos y exportamos Carga a todos los destinos.\" \/>\n<meta name=\"robots\" content=\"index, follow, max-snippet:-1, max-image-preview:large, max-video-preview:-1\" \/>\n<link rel=\"canonical\" href=\"https:\/\/www.southexpress.pe\/en\/about-us\/\" \/>\n<meta property=\"og:locale\" content=\"es_ES\" \/>\n<meta property=\"og:type\" content=\"article\" \/>\n<meta property=\"og:title\" content=\"Conoce Sobre South Express - South Express Per\u00fa\" \/>\n<meta property=\"og:description\" content=\"Desde el 2011 somos una de las principales agencia de carga en el Per\u00fa. Importamos y exportamos Carga a todos los destinos.\" \/>\n<meta property=\"og:url\" content=\"https:\/\/www.southexpress.pe\/en\/about-us\/\" \/>\n<meta property=\"og:site_name\" content=\"South Express Per\u00fa Ingles\" \/>\n<meta property=\"article:modified_time\" content=\"2024-04-08T20:38:41+00:00\" \/>\n<meta name=\"twitter:card\" content=\"summary_large_image\" \/>\n<script type=\"application\/ld+json\" class=\"yoast-schema-graph\">{\"@context\":\"https:\/\/schema.org\",\"@graph\":[{\"@type\":\"WebPage\",\"@id\":\"https:\/\/www.southexpress.pe\/en\/about-us\/\",\"url\":\"https:\/\/www.southexpress.pe\/en\/about-us\/\",\"name\":\"Conoce Sobre South Express - South Express Per\u00fa\",\"isPartOf\":{\"@id\":\"https:\/\/www.southexpress.pe\/en\/#website\"},\"datePublished\":\"2019-06-13T15:20:43+00:00\",\"dateModified\":\"2024-04-08T20:38:41+00:00\",\"description\":\"Desde el 2011 somos una de las principales agencia de carga en el Per\u00fa. Importamos y exportamos Carga a todos los destinos.\",\"inLanguage\":\"es\",\"potentialAction\":[{\"@type\":\"ReadAction\",\"target\":[\"https:\/\/www.southexpress.pe\/en\/about-us\/\"]}]},{\"@type\":\"WebSite\",\"@id\":\"https:\/\/www.southexpress.pe\/en\/#website\",\"url\":\"https:\/\/www.southexpress.pe\/en\/\",\"name\":\"South Express Per\u00fa Ingles\",\"description\":\"Operador Log\u00edstico y agencia de carga multimodal para transporte de carga mar\u00edtimo, \u00e1ereo y terrestre\",\"potentialAction\":[{\"@type\":\"SearchAction\",\"target\":{\"@type\":\"EntryPoint\",\"urlTemplate\":\"https:\/\/www.southexpress.pe\/en\/?s={search_term_string}\"},\"query-input\":\"required name=search_term_string\"}],\"inLanguage\":\"es\"}]}<\/script>\n<!-- \/ Yoast SEO plugin. -->","yoast_head_json":{"title":"Conoce Sobre South Express - South Express Per\u00fa","description":"Desde el 2011 somos una de las principales agencia de carga en el Per\u00fa. Importamos y exportamos Carga a todos los destinos.","robots":{"index":"index","follow":"follow","max-snippet":"max-snippet:-1","max-image-preview":"max-image-preview:large","max-video-preview":"max-video-preview:-1"},"canonical":"https:\/\/www.southexpress.pe\/en\/about-us\/","og_locale":"es_ES","og_type":"article","og_title":"Conoce Sobre South Express - South Express Per\u00fa","og_description":"Desde el 2011 somos una de las principales agencia de carga en el Per\u00fa. Importamos y exportamos Carga a todos los destinos.","og_url":"https:\/\/www.southexpress.pe\/en\/about-us\/","og_site_name":"South Express Per\u00fa Ingles","article_modified_time":"2024-04-08T20:38:41+00:00","twitter_card":"summary_large_image","schema":{"@context":"https:\/\/schema.org","@graph":[{"@type":"WebPage","@id":"https:\/\/www.southexpress.pe\/en\/about-us\/","url":"https:\/\/www.southexpress.pe\/en\/about-us\/","name":"Conoce Sobre South Express - South Express Per\u00fa","isPartOf":{"@id":"https:\/\/www.southexpress.pe\/en\/#website"},"datePublished":"2019-06-13T15:20:43+00:00","dateModified":"2024-04-08T20:38:41+00:00","description":"Desde el 2011 somos una de las principales agencia de carga en el Per\u00fa. Importamos y exportamos Carga a todos los destinos.","inLanguage":"es","potentialAction":[{"@type":"ReadAction","target":["https:\/\/www.southexpress.pe\/en\/about-us\/"]}]},{"@type":"WebSite","@id":"https:\/\/www.southexpress.pe\/en\/#website","url":"https:\/\/www.southexpress.pe\/en\/","name":"South Express Per\u00fa Ingles","description":"Operador Log\u00edstico y agencia de carga multimodal para transporte de carga mar\u00edtimo, \u00e1ereo y terrestre","potentialAction":[{"@type":"SearchAction","target":{"@type":"EntryPoint","urlTemplate":"https:\/\/www.southexpress.pe\/en\/?s={search_term_string}"},"query-input":"required name=search_term_string"}],"inLanguage":"es"}]}},"_links":{"self":[{"href":"https:\/\/www.southexpress.pe\/en\/wp-json\/wp\/v2\/pages\/39"}],"collection":[{"href":"https:\/\/www.southexpress.pe\/en\/wp-json\/wp\/v2\/pages"}],"about":[{"href":"https:\/\/www.southexpress.pe\/en\/wp-json\/wp\/v2\/types\/page"}],"author":[{"embeddable":true,"href":"https:\/\/www.southexpress.pe\/en\/wp-json\/wp\/v2\/users\/1"}],"replies":[{"embeddable":true,"href":"https:\/\/www.southexpress.pe\/en\/wp-json\/wp\/v2\/comments?post=39"}],"version-history":[{"count":12,"href":"https:\/\/www.southexpress.pe\/en\/wp-json\/wp\/v2\/pages\/39\/revisions"}],"predecessor-version":[{"id":6733,"href":"https:\/\/www.southexpress.pe\/en\/wp-json\/wp\/v2\/pages\/39\/revisions\/6733"}],"wp:attachment":[{"href":"https:\/\/www.southexpress.pe\/en\/wp-json\/wp\/v2\/media?parent=39"}],"curies":[{"name":"wp","href":"https:\/\/api.w.org\/{rel}","templated":true}]}}