{"id":93,"date":"2019-01-04T19:16:27","date_gmt":"2019-01-05T00:16:27","guid":{"rendered":"https:\/\/www.southexpress.pe\/en\/?page_id=93"},"modified":"2024-04-08T15:43:58","modified_gmt":"2024-04-08T20:43:58","slug":"international-air-cargo-transportation","status":"publish","type":"page","link":"https:\/\/www.southexpress.pe\/en\/services\/international-air-cargo-transportation\/","title":{"rendered":"International Air Cargo Transportation"},"content":{"rendered":"<p>We have the best prices for air freight for cargo transportation, to\/from the main destinations in the world. To do this, we have a network of strategic partners that allow us to move your cargo from the warehouse to the final airport.<\/p>\n<p>We adapt to the speed required without neglecting the coordination of the detailed work involved in the arrival and departure of each shipment. Selecting a fast and low-risk route, ideal for urgent and\/or very important products.<\/p>\n<p>In order to guarantee complete security in international air cargo import and export operations, we are accredited before the DGAC (General Directorate of Civil Aeronautics) as an air cargo agency in Lima.<\/p>\n<p>As freight forwarders, we offer an efficient international air cargo service. We manage shipments quickly and safely through our specialized air transport service.<\/p>\n<p>We ensure the punctuality and safety of your cargo shipment by Air thanks to our 12 years of experience. Quote the best price for air cargo freight to Chile, China, Spain, United States, Colombia, Paraguay, Uruguay, from or to any destination.<\/p>\n","protected":false},"excerpt":{"rendered":"<p>We have the best prices for air freight for cargo transportation, to\/from the main destinations in the world. To do this, we have a network of strategic partners that allow us to move your cargo from the warehouse to the final airport. We adapt to the speed required without neglecting the coordination of the detailed [&hellip;]<\/p>\n","protected":false},"author":1,"featured_media":6247,"parent":15,"menu_order":2,"comment_status":"closed","ping_status":"closed","template":"page.php","meta":{"footnotes":""},"yoast_head":"<!-- This site is optimized with the Yoast SEO plugin v22.4 - https:\/\/yoast.com\/wordpress\/plugins\/seo\/ -->\n<title>Transporte de Carga A\u00e9rea Internacional - South Express<\/title>\n<meta name=\"description\" content=\"Cotiza al mejor precio los fletes para el servicio de transporte a\u00e9reo de carga internacional. Ll\u00e1manos al (511) 418-5151 o escr\u00edbenos.\" \/>\n<meta name=\"robots\" content=\"index, follow, max-snippet:-1, max-image-preview:large, max-video-preview:-1\" \/>\n<link rel=\"canonical\" href=\"https:\/\/www.southexpress.pe\/en\/services\/international-air-cargo-transportation\/\" \/>\n<meta property=\"og:locale\" content=\"es_ES\" \/>\n<meta property=\"og:type\" content=\"article\" \/>\n<meta property=\"og:title\" content=\"Transporte de Carga A\u00e9rea Internacional - South Express\" \/>\n<meta property=\"og:description\" content=\"Cotiza al mejor precio los fletes para el servicio de transporte a\u00e9reo de carga internacional. Ll\u00e1manos al (511) 418-5151 o escr\u00edbenos.\" \/>\n<meta property=\"og:url\" content=\"https:\/\/www.southexpress.pe\/en\/services\/international-air-cargo-transportation\/\" \/>\n<meta property=\"og:site_name\" content=\"South Express Per\u00fa Ingles\" \/>\n<meta property=\"article:modified_time\" content=\"2024-04-08T20:43:58+00:00\" \/>\n<meta property=\"og:image\" content=\"https:\/\/www.southexpress.pe\/en\/wp-content\/uploads\/2023\/12\/home1-rev-1.jpg\" \/>\n\t<meta property=\"og:image:width\" content=\"1920\" \/>\n\t<meta property=\"og:image:height\" content=\"800\" \/>\n\t<meta property=\"og:image:type\" content=\"image\/jpeg\" \/>\n<meta name=\"twitter:card\" content=\"summary_large_image\" \/>\n<meta name=\"twitter:label1\" content=\"Est. reading time\" \/>\n\t<meta name=\"twitter:data1\" content=\"1 minuto\" \/>\n<script type=\"application\/ld+json\" class=\"yoast-schema-graph\">{\"@context\":\"https:\/\/schema.org\",\"@graph\":[{\"@type\":\"WebPage\",\"@id\":\"https:\/\/www.southexpress.pe\/en\/services\/international-air-cargo-transportation\/\",\"url\":\"https:\/\/www.southexpress.pe\/en\/services\/international-air-cargo-transportation\/\",\"name\":\"Transporte de Carga A\u00e9rea Internacional - South Express\",\"isPartOf\":{\"@id\":\"https:\/\/www.southexpress.pe\/en\/#website\"},\"primaryImageOfPage\":{\"@id\":\"https:\/\/www.southexpress.pe\/en\/services\/international-air-cargo-transportation\/#primaryimage\"},\"image\":{\"@id\":\"https:\/\/www.southexpress.pe\/en\/services\/international-air-cargo-transportation\/#primaryimage\"},\"thumbnailUrl\":\"https:\/\/www.southexpress.pe\/en\/wp-content\/uploads\/2023\/12\/home1-rev-1.jpg\",\"datePublished\":\"2019-01-05T00:16:27+00:00\",\"dateModified\":\"2024-04-08T20:43:58+00:00\",\"description\":\"Cotiza al mejor precio los fletes para el servicio de transporte a\u00e9reo de carga internacional. Ll\u00e1manos al (511) 418-5151 o escr\u00edbenos.\",\"breadcrumb\":{\"@id\":\"https:\/\/www.southexpress.pe\/en\/services\/international-air-cargo-transportation\/#breadcrumb\"},\"inLanguage\":\"es\",\"potentialAction\":[{\"@type\":\"ReadAction\",\"target\":[\"https:\/\/www.southexpress.pe\/en\/services\/international-air-cargo-transportation\/\"]}]},{\"@type\":\"ImageObject\",\"inLanguage\":\"es\",\"@id\":\"https:\/\/www.southexpress.pe\/en\/services\/international-air-cargo-transportation\/#primaryimage\",\"url\":\"https:\/\/www.southexpress.pe\/en\/wp-content\/uploads\/2023\/12\/home1-rev-1.jpg\",\"contentUrl\":\"https:\/\/www.southexpress.pe\/en\/wp-content\/uploads\/2023\/12\/home1-rev-1.jpg\",\"width\":1920,\"height\":800},{\"@type\":\"BreadcrumbList\",\"@id\":\"https:\/\/www.southexpress.pe\/en\/services\/international-air-cargo-transportation\/#breadcrumb\",\"itemListElement\":[{\"@type\":\"ListItem\",\"position\":1,\"name\":\"Services\",\"item\":\"https:\/\/www.southexpress.pe\/en\/services\/\"},{\"@type\":\"ListItem\",\"position\":2,\"name\":\"International Air Cargo Transportation\"}]},{\"@type\":\"WebSite\",\"@id\":\"https:\/\/www.southexpress.pe\/en\/#website\",\"url\":\"https:\/\/www.southexpress.pe\/en\/\",\"name\":\"South Express Per\u00fa Ingles\",\"description\":\"Operador Log\u00edstico y agencia de carga multimodal para transporte de carga mar\u00edtimo, \u00e1ereo y terrestre\",\"potentialAction\":[{\"@type\":\"SearchAction\",\"target\":{\"@type\":\"EntryPoint\",\"urlTemplate\":\"https:\/\/www.southexpress.pe\/en\/?s={search_term_string}\"},\"query-input\":\"required name=search_term_string\"}],\"inLanguage\":\"es\"}]}<\/script>\n<!-- \/ Yoast SEO plugin. -->","yoast_head_json":{"title":"Transporte de Carga A\u00e9rea Internacional - South Express","description":"Cotiza al mejor precio los fletes para el servicio de transporte a\u00e9reo de carga internacional. Ll\u00e1manos al (511) 418-5151 o escr\u00edbenos.","robots":{"index":"index","follow":"follow","max-snippet":"max-snippet:-1","max-image-preview":"max-image-preview:large","max-video-preview":"max-video-preview:-1"},"canonical":"https:\/\/www.southexpress.pe\/en\/services\/international-air-cargo-transportation\/","og_locale":"es_ES","og_type":"article","og_title":"Transporte de Carga A\u00e9rea Internacional - South Express","og_description":"Cotiza al mejor precio los fletes para el servicio de transporte a\u00e9reo de carga internacional. Ll\u00e1manos al (511) 418-5151 o escr\u00edbenos.","og_url":"https:\/\/www.southexpress.pe\/en\/services\/international-air-cargo-transportation\/","og_site_name":"South Express Per\u00fa Ingles","article_modified_time":"2024-04-08T20:43:58+00:00","og_image":[{"width":1920,"height":800,"url":"https:\/\/www.southexpress.pe\/en\/wp-content\/uploads\/2023\/12\/home1-rev-1.jpg","type":"image\/jpeg"}],"twitter_card":"summary_large_image","twitter_misc":{"Est. reading time":"1 minuto"},"schema":{"@context":"https:\/\/schema.org","@graph":[{"@type":"WebPage","@id":"https:\/\/www.southexpress.pe\/en\/services\/international-air-cargo-transportation\/","url":"https:\/\/www.southexpress.pe\/en\/services\/international-air-cargo-transportation\/","name":"Transporte de Carga A\u00e9rea Internacional - South Express","isPartOf":{"@id":"https:\/\/www.southexpress.pe\/en\/#website"},"primaryImageOfPage":{"@id":"https:\/\/www.southexpress.pe\/en\/services\/international-air-cargo-transportation\/#primaryimage"},"image":{"@id":"https:\/\/www.southexpress.pe\/en\/services\/international-air-cargo-transportation\/#primaryimage"},"thumbnailUrl":"https:\/\/www.southexpress.pe\/en\/wp-content\/uploads\/2023\/12\/home1-rev-1.jpg","datePublished":"2019-01-05T00:16:27+00:00","dateModified":"2024-04-08T20:43:58+00:00","description":"Cotiza al mejor precio los fletes para el servicio de transporte a\u00e9reo de carga internacional. Ll\u00e1manos al (511) 418-5151 o escr\u00edbenos.","breadcrumb":{"@id":"https:\/\/www.southexpress.pe\/en\/services\/international-air-cargo-transportation\/#breadcrumb"},"inLanguage":"es","potentialAction":[{"@type":"ReadAction","target":["https:\/\/www.southexpress.pe\/en\/services\/international-air-cargo-transportation\/"]}]},{"@type":"ImageObject","inLanguage":"es","@id":"https:\/\/www.southexpress.pe\/en\/services\/international-air-cargo-transportation\/#primaryimage","url":"https:\/\/www.southexpress.pe\/en\/wp-content\/uploads\/2023\/12\/home1-rev-1.jpg","contentUrl":"https:\/\/www.southexpress.pe\/en\/wp-content\/uploads\/2023\/12\/home1-rev-1.jpg","width":1920,"height":800},{"@type":"BreadcrumbList","@id":"https:\/\/www.southexpress.pe\/en\/services\/international-air-cargo-transportation\/#breadcrumb","itemListElement":[{"@type":"ListItem","position":1,"name":"Services","item":"https:\/\/www.southexpress.pe\/en\/services\/"},{"@type":"ListItem","position":2,"name":"International Air Cargo Transportation"}]},{"@type":"WebSite","@id":"https:\/\/www.southexpress.pe\/en\/#website","url":"https:\/\/www.southexpress.pe\/en\/","name":"South Express Per\u00fa Ingles","description":"Operador Log\u00edstico y agencia de carga multimodal para transporte de carga mar\u00edtimo, \u00e1ereo y terrestre","potentialAction":[{"@type":"SearchAction","target":{"@type":"EntryPoint","urlTemplate":"https:\/\/www.southexpress.pe\/en\/?s={search_term_string}"},"query-input":"required name=search_term_string"}],"inLanguage":"es"}]}},"_links":{"self":[{"href":"https:\/\/www.southexpress.pe\/en\/wp-json\/wp\/v2\/pages\/93"}],"collection":[{"href":"https:\/\/www.southexpress.pe\/en\/wp-json\/wp\/v2\/pages"}],"about":[{"href":"https:\/\/www.southexpress.pe\/en\/wp-json\/wp\/v2\/types\/page"}],"author":[{"embeddable":true,"href":"https:\/\/www.southexpress.pe\/en\/wp-json\/wp\/v2\/users\/1"}],"replies":[{"embeddable":true,"href":"https:\/\/www.southexpress.pe\/en\/wp-json\/wp\/v2\/comments?post=93"}],"version-history":[{"count":34,"href":"https:\/\/www.southexpress.pe\/en\/wp-json\/wp\/v2\/pages\/93\/revisions"}],"predecessor-version":[{"id":6736,"href":"https:\/\/www.southexpress.pe\/en\/wp-json\/wp\/v2\/pages\/93\/revisions\/6736"}],"up":[{"embeddable":true,"href":"https:\/\/www.southexpress.pe\/en\/wp-json\/wp\/v2\/pages\/15"}],"wp:featuredmedia":[{"embeddable":true,"href":"https:\/\/www.southexpress.pe\/en\/wp-json\/wp\/v2\/media\/6247"}],"wp:attachment":[{"href":"https:\/\/www.southexpress.pe\/en\/wp-json\/wp\/v2\/media?parent=93"}],"curies":[{"name":"wp","href":"https:\/\/api.w.org\/{rel}","templated":true}]}}