{"id":95,"date":"2019-01-05T19:17:12","date_gmt":"2019-01-06T00:17:12","guid":{"rendered":"https:\/\/www.southexpress.pe\/en\/?page_id=95"},"modified":"2024-04-08T15:42:13","modified_gmt":"2024-04-08T20:42:13","slug":"maritime-cargo-transport","status":"publish","type":"page","link":"https:\/\/www.southexpress.pe\/en\/services\/maritime-cargo-transport\/","title":{"rendered":"Maritime Cargo Transport"},"content":{"rendered":"<p>We are a leading international maritime cargo transportation agency in Lima with global agreements that guarantee competitive maritime freight rates and prices and with the lowest maritime cargo transportation costs on the market.<\/p>\n<p>We facilitate the import\/export of container cargo by sea from\/to several countries, including China, Chile, Spain, the USA, Paraguay or other national and international destinations.<\/p>\n<p>As part of our Maritime cargo transportation service, we offer the best prices for maritime freight to Chile, China, Spain, the United States, Colombia, Paraguay, Uruguay or any other destination, whether to transport consolidated cargo or 20 and 40 HP containers by sea. .<\/p>\n<p>We are one of the best international maritime cargo transportation companies in Lima, Peru., come and quote your Maritime Cargo shipment at South Express.<\/p>\n","protected":false},"excerpt":{"rendered":"<p>We are a leading international maritime cargo transportation agency in Lima with global agreements that guarantee competitive maritime freight rates and prices and with the lowest maritime cargo transportation costs on the market. We facilitate the import\/export of container cargo by sea from\/to several countries, including China, Chile, Spain, the USA, Paraguay or other national [&hellip;]<\/p>\n","protected":false},"author":1,"featured_media":6248,"parent":15,"menu_order":1,"comment_status":"closed","ping_status":"closed","template":"page.php","meta":{"footnotes":""},"yoast_head":"<!-- This site is optimized with the Yoast SEO plugin v22.4 - https:\/\/yoast.com\/wordpress\/plugins\/seo\/ -->\n<title>Transporte Mar\u00edtimo de carga Internacional - South Express Per\u00fa<\/title>\n<meta name=\"description\" content=\"Cotiza el mejor precio los fletes de transporte mar\u00edtimo de carga internacional desde y a cualquier destino. Ll\u00e1manos al (01)418-5151o escr\u00edbenos.\" \/>\n<meta name=\"robots\" content=\"index, follow, max-snippet:-1, max-image-preview:large, max-video-preview:-1\" \/>\n<link rel=\"canonical\" href=\"https:\/\/www.southexpress.pe\/en\/services\/maritime-cargo-transport\/\" \/>\n<meta property=\"og:locale\" content=\"es_ES\" \/>\n<meta property=\"og:type\" content=\"article\" \/>\n<meta property=\"og:title\" content=\"Transporte Mar\u00edtimo de carga Internacional - South Express Per\u00fa\" \/>\n<meta property=\"og:description\" content=\"Cotiza el mejor precio los fletes de transporte mar\u00edtimo de carga internacional desde y a cualquier destino. Ll\u00e1manos al (01)418-5151o escr\u00edbenos.\" \/>\n<meta property=\"og:url\" content=\"https:\/\/www.southexpress.pe\/en\/services\/maritime-cargo-transport\/\" \/>\n<meta property=\"og:site_name\" content=\"South Express Per\u00fa Ingles\" \/>\n<meta property=\"article:modified_time\" content=\"2024-04-08T20:42:13+00:00\" \/>\n<meta property=\"og:image\" content=\"https:\/\/www.southexpress.pe\/en\/wp-content\/uploads\/2023\/12\/home1-rev-2.jpg\" \/>\n\t<meta property=\"og:image:width\" content=\"1920\" \/>\n\t<meta property=\"og:image:height\" content=\"799\" \/>\n\t<meta property=\"og:image:type\" content=\"image\/jpeg\" \/>\n<meta name=\"twitter:card\" content=\"summary_large_image\" \/>\n<meta name=\"twitter:label1\" content=\"Est. reading time\" \/>\n\t<meta name=\"twitter:data1\" content=\"1 minuto\" \/>\n<script type=\"application\/ld+json\" class=\"yoast-schema-graph\">{\"@context\":\"https:\/\/schema.org\",\"@graph\":[{\"@type\":\"WebPage\",\"@id\":\"https:\/\/www.southexpress.pe\/en\/services\/maritime-cargo-transport\/\",\"url\":\"https:\/\/www.southexpress.pe\/en\/services\/maritime-cargo-transport\/\",\"name\":\"Transporte Mar\u00edtimo de carga Internacional - South Express Per\u00fa\",\"isPartOf\":{\"@id\":\"https:\/\/www.southexpress.pe\/en\/#website\"},\"primaryImageOfPage\":{\"@id\":\"https:\/\/www.southexpress.pe\/en\/services\/maritime-cargo-transport\/#primaryimage\"},\"image\":{\"@id\":\"https:\/\/www.southexpress.pe\/en\/services\/maritime-cargo-transport\/#primaryimage\"},\"thumbnailUrl\":\"https:\/\/www.southexpress.pe\/en\/wp-content\/uploads\/2023\/12\/home1-rev-2.jpg\",\"datePublished\":\"2019-01-06T00:17:12+00:00\",\"dateModified\":\"2024-04-08T20:42:13+00:00\",\"description\":\"Cotiza el mejor precio los fletes de transporte mar\u00edtimo de carga internacional desde y a cualquier destino. Ll\u00e1manos al (01)418-5151o escr\u00edbenos.\",\"breadcrumb\":{\"@id\":\"https:\/\/www.southexpress.pe\/en\/services\/maritime-cargo-transport\/#breadcrumb\"},\"inLanguage\":\"es\",\"potentialAction\":[{\"@type\":\"ReadAction\",\"target\":[\"https:\/\/www.southexpress.pe\/en\/services\/maritime-cargo-transport\/\"]}]},{\"@type\":\"ImageObject\",\"inLanguage\":\"es\",\"@id\":\"https:\/\/www.southexpress.pe\/en\/services\/maritime-cargo-transport\/#primaryimage\",\"url\":\"https:\/\/www.southexpress.pe\/en\/wp-content\/uploads\/2023\/12\/home1-rev-2.jpg\",\"contentUrl\":\"https:\/\/www.southexpress.pe\/en\/wp-content\/uploads\/2023\/12\/home1-rev-2.jpg\",\"width\":1920,\"height\":799},{\"@type\":\"BreadcrumbList\",\"@id\":\"https:\/\/www.southexpress.pe\/en\/services\/maritime-cargo-transport\/#breadcrumb\",\"itemListElement\":[{\"@type\":\"ListItem\",\"position\":1,\"name\":\"Services\",\"item\":\"https:\/\/www.southexpress.pe\/en\/services\/\"},{\"@type\":\"ListItem\",\"position\":2,\"name\":\"Maritime Cargo Transport\"}]},{\"@type\":\"WebSite\",\"@id\":\"https:\/\/www.southexpress.pe\/en\/#website\",\"url\":\"https:\/\/www.southexpress.pe\/en\/\",\"name\":\"South Express Per\u00fa Ingles\",\"description\":\"Operador Log\u00edstico y agencia de carga multimodal para transporte de carga mar\u00edtimo, \u00e1ereo y terrestre\",\"potentialAction\":[{\"@type\":\"SearchAction\",\"target\":{\"@type\":\"EntryPoint\",\"urlTemplate\":\"https:\/\/www.southexpress.pe\/en\/?s={search_term_string}\"},\"query-input\":\"required name=search_term_string\"}],\"inLanguage\":\"es\"}]}<\/script>\n<!-- \/ Yoast SEO plugin. -->","yoast_head_json":{"title":"Transporte Mar\u00edtimo de carga Internacional - South Express Per\u00fa","description":"Cotiza el mejor precio los fletes de transporte mar\u00edtimo de carga internacional desde y a cualquier destino. Ll\u00e1manos al (01)418-5151o escr\u00edbenos.","robots":{"index":"index","follow":"follow","max-snippet":"max-snippet:-1","max-image-preview":"max-image-preview:large","max-video-preview":"max-video-preview:-1"},"canonical":"https:\/\/www.southexpress.pe\/en\/services\/maritime-cargo-transport\/","og_locale":"es_ES","og_type":"article","og_title":"Transporte Mar\u00edtimo de carga Internacional - South Express Per\u00fa","og_description":"Cotiza el mejor precio los fletes de transporte mar\u00edtimo de carga internacional desde y a cualquier destino. Ll\u00e1manos al (01)418-5151o escr\u00edbenos.","og_url":"https:\/\/www.southexpress.pe\/en\/services\/maritime-cargo-transport\/","og_site_name":"South Express Per\u00fa Ingles","article_modified_time":"2024-04-08T20:42:13+00:00","og_image":[{"width":1920,"height":799,"url":"https:\/\/www.southexpress.pe\/en\/wp-content\/uploads\/2023\/12\/home1-rev-2.jpg","type":"image\/jpeg"}],"twitter_card":"summary_large_image","twitter_misc":{"Est. reading time":"1 minuto"},"schema":{"@context":"https:\/\/schema.org","@graph":[{"@type":"WebPage","@id":"https:\/\/www.southexpress.pe\/en\/services\/maritime-cargo-transport\/","url":"https:\/\/www.southexpress.pe\/en\/services\/maritime-cargo-transport\/","name":"Transporte Mar\u00edtimo de carga Internacional - South Express Per\u00fa","isPartOf":{"@id":"https:\/\/www.southexpress.pe\/en\/#website"},"primaryImageOfPage":{"@id":"https:\/\/www.southexpress.pe\/en\/services\/maritime-cargo-transport\/#primaryimage"},"image":{"@id":"https:\/\/www.southexpress.pe\/en\/services\/maritime-cargo-transport\/#primaryimage"},"thumbnailUrl":"https:\/\/www.southexpress.pe\/en\/wp-content\/uploads\/2023\/12\/home1-rev-2.jpg","datePublished":"2019-01-06T00:17:12+00:00","dateModified":"2024-04-08T20:42:13+00:00","description":"Cotiza el mejor precio los fletes de transporte mar\u00edtimo de carga internacional desde y a cualquier destino. Ll\u00e1manos al (01)418-5151o escr\u00edbenos.","breadcrumb":{"@id":"https:\/\/www.southexpress.pe\/en\/services\/maritime-cargo-transport\/#breadcrumb"},"inLanguage":"es","potentialAction":[{"@type":"ReadAction","target":["https:\/\/www.southexpress.pe\/en\/services\/maritime-cargo-transport\/"]}]},{"@type":"ImageObject","inLanguage":"es","@id":"https:\/\/www.southexpress.pe\/en\/services\/maritime-cargo-transport\/#primaryimage","url":"https:\/\/www.southexpress.pe\/en\/wp-content\/uploads\/2023\/12\/home1-rev-2.jpg","contentUrl":"https:\/\/www.southexpress.pe\/en\/wp-content\/uploads\/2023\/12\/home1-rev-2.jpg","width":1920,"height":799},{"@type":"BreadcrumbList","@id":"https:\/\/www.southexpress.pe\/en\/services\/maritime-cargo-transport\/#breadcrumb","itemListElement":[{"@type":"ListItem","position":1,"name":"Services","item":"https:\/\/www.southexpress.pe\/en\/services\/"},{"@type":"ListItem","position":2,"name":"Maritime Cargo Transport"}]},{"@type":"WebSite","@id":"https:\/\/www.southexpress.pe\/en\/#website","url":"https:\/\/www.southexpress.pe\/en\/","name":"South Express Per\u00fa Ingles","description":"Operador Log\u00edstico y agencia de carga multimodal para transporte de carga mar\u00edtimo, \u00e1ereo y terrestre","potentialAction":[{"@type":"SearchAction","target":{"@type":"EntryPoint","urlTemplate":"https:\/\/www.southexpress.pe\/en\/?s={search_term_string}"},"query-input":"required name=search_term_string"}],"inLanguage":"es"}]}},"_links":{"self":[{"href":"https:\/\/www.southexpress.pe\/en\/wp-json\/wp\/v2\/pages\/95"}],"collection":[{"href":"https:\/\/www.southexpress.pe\/en\/wp-json\/wp\/v2\/pages"}],"about":[{"href":"https:\/\/www.southexpress.pe\/en\/wp-json\/wp\/v2\/types\/page"}],"author":[{"embeddable":true,"href":"https:\/\/www.southexpress.pe\/en\/wp-json\/wp\/v2\/users\/1"}],"replies":[{"embeddable":true,"href":"https:\/\/www.southexpress.pe\/en\/wp-json\/wp\/v2\/comments?post=95"}],"version-history":[{"count":67,"href":"https:\/\/www.southexpress.pe\/en\/wp-json\/wp\/v2\/pages\/95\/revisions"}],"predecessor-version":[{"id":6735,"href":"https:\/\/www.southexpress.pe\/en\/wp-json\/wp\/v2\/pages\/95\/revisions\/6735"}],"up":[{"embeddable":true,"href":"https:\/\/www.southexpress.pe\/en\/wp-json\/wp\/v2\/pages\/15"}],"wp:featuredmedia":[{"embeddable":true,"href":"https:\/\/www.southexpress.pe\/en\/wp-json\/wp\/v2\/media\/6248"}],"wp:attachment":[{"href":"https:\/\/www.southexpress.pe\/en\/wp-json\/wp\/v2\/media?parent=95"}],"curies":[{"name":"wp","href":"https:\/\/api.w.org\/{rel}","templated":true}]}}